{"id":3691,"date":"2020-01-09T17:44:48","date_gmt":"2020-01-09T15:44:48","guid":{"rendered":"https:\/\/equipdinterprets.com\/experiencies\/testimonis\/"},"modified":"2021-02-22T12:02:23","modified_gmt":"2021-02-22T11:02:23","slug":"que-opinan-clientes","status":"publish","type":"page","link":"https:\/\/equipdinterprets.com\/es\/que-opinan-clientes\/","title":{"rendered":"\u00bfQu\u00e9 opinan nuestros clientes?"},"content":{"rendered":"<p>[vc_row css=\u00bb.vc_custom_1580035910611{padding-top: 80px !important;padding-bottom: 80px !important;}\u00bb][vc_column]<style type=\"text\/css\" data-type=\"the7_shortcodes-inline-css\">.dt-testimonials-shortcode.testimonials-masonry-shortcode-id-baeba67e0fc7a46669df973c997b48d4 .testimonial-item {\n  padding: 30px 30px 30px 30px;\n}\n.dt-testimonials-shortcode.testimonials-masonry-shortcode-id-baeba67e0fc7a46669df973c997b48d4 .testimonial-name,\n.dt-testimonials-shortcode.testimonials-masonry-shortcode-id-baeba67e0fc7a46669df973c997b48d4 .testimonial-name a,\n.dt-testimonials-shortcode.testimonials-masonry-shortcode-id-baeba67e0fc7a46669df973c997b48d4 .testimonial-name span {\n  margin-bottom: 0px;\n  font-size: 18px;\n  line-height: 24px;\n  font-weight: bold;\n}\n.dt-testimonials-shortcode.testimonials-masonry-shortcode-id-baeba67e0fc7a46669df973c997b48d4 .testimonial-position {\n  margin-bottom: 10px;\n}\n.dt-testimonials-shortcode.testimonials-masonry-shortcode-id-baeba67e0fc7a46669df973c997b48d4 .testimonial-position,\n.dt-testimonials-shortcode.testimonials-masonry-shortcode-id-baeba67e0fc7a46669df973c997b48d4 .testimonial-position span {\n  font-weight: bold;\n}\n.dt-testimonials-shortcode.testimonials-masonry-shortcode-id-baeba67e0fc7a46669df973c997b48d4  .testimonial-avatar {\n  padding: 0px 0px 20px 0px;\n}\n.dt-testimonials-shortcode.testimonials-masonry-shortcode-id-baeba67e0fc7a46669df973c997b48d4  .testimonial-avatar a,\n.dt-testimonials-shortcode.testimonials-masonry-shortcode-id-baeba67e0fc7a46669df973c997b48d4  .testimonial-avatar span,\n.dt-testimonials-shortcode.testimonials-masonry-shortcode-id-baeba67e0fc7a46669df973c997b48d4  .testimonial-avatar img {\n  max-width: 80px;\n}\n.dt-testimonials-shortcode.testimonials-masonry-shortcode-id-baeba67e0fc7a46669df973c997b48d4 .dt-css-grid .testimonial-avatar img,\n.dt-testimonials-shortcode.testimonials-masonry-shortcode-id-baeba67e0fc7a46669df973c997b48d4 .dt-css-grid .testimonial-avatar svg {\n  max-width: 100%;\n}\n.dt-testimonials-shortcode.testimonials-masonry-shortcode-id-baeba67e0fc7a46669df973c997b48d4.layout-5:not(.hide-testimonial-avatar) .content-wrap,\n.dt-testimonials-shortcode.testimonials-masonry-shortcode-id-baeba67e0fc7a46669df973c997b48d4.layout-6:not(.hide-testimonial-avatar) .content-wrap {\n  width: calc(100% - 80px - 0px - 0px);\n}\n.dt-testimonials-shortcode.testimonials-masonry-shortcode-id-baeba67e0fc7a46669df973c997b48d4 .testimonial-content {\n  margin-bottom: 0px;\n}\n.dt-testimonials-shortcode.testimonials-masonry-shortcode-id-baeba67e0fc7a46669df973c997b48d4  .testimonial-avatar,\n.dt-testimonials-shortcode.testimonials-masonry-shortcode-id-baeba67e0fc7a46669df973c997b48d4  .testimonial-avatar a.rollover,\n.dt-testimonials-shortcode.testimonials-masonry-shortcode-id-baeba67e0fc7a46669df973c997b48d4  .testimonial-avatar a.rollover *,\n.dt-testimonials-shortcode.testimonials-masonry-shortcode-id-baeba67e0fc7a46669df973c997b48d4  .testimonial-avatar img,\n.dt-testimonials-shortcode.testimonials-masonry-shortcode-id-baeba67e0fc7a46669df973c997b48d4  .testimonial-avatar .no-avatar,\n.dt-testimonials-shortcode.testimonials-masonry-shortcode-id-baeba67e0fc7a46669df973c997b48d4  .testim-no-avatar {\n  border-radius: 60px;\n}\n.dt-testimonials-shortcode.testimonials-masonry-shortcode-id-baeba67e0fc7a46669df973c997b48d4  .testimonial-avatar .no-avatar {\n  height: 80px;\n}\n.dt-testimonials-shortcode.testimonials-masonry-shortcode-id-baeba67e0fc7a46669df973c997b48d4  .testimonial-avatar .no-avatar {\n  font-size: 80px;\n  width: 80px;\n}\n.dt-testimonials-shortcode.testimonials-masonry-shortcode-id-baeba67e0fc7a46669df973c997b48d4 .filter-bg-decoration .filter-categories a.act {\n  color: #fff;\n}\n.dt-testimonials-shortcode.testimonials-masonry-shortcode-id-baeba67e0fc7a46669df973c997b48d4:not(.resize-by-browser-width) .dt-css-grid {\n  grid-row-gap: 10px;\n  grid-column-gap: 10px;\n  grid-template-columns: repeat(auto-fill,minmax(,1fr));\n}\n.cssgridlegacy.no-cssgrid .dt-testimonials-shortcode.testimonials-masonry-shortcode-id-baeba67e0fc7a46669df973c997b48d4:not(.resize-by-browser-width) .dt-css-grid,\n.no-cssgridlegacy.no-cssgrid .dt-testimonials-shortcode.testimonials-masonry-shortcode-id-baeba67e0fc7a46669df973c997b48d4:not(.resize-by-browser-width) .dt-css-grid {\n  display: flex;\n  flex-flow: row wrap;\n  margin: -5px;\n}\n.cssgridlegacy.no-cssgrid .dt-testimonials-shortcode.testimonials-masonry-shortcode-id-baeba67e0fc7a46669df973c997b48d4:not(.resize-by-browser-width) .dt-css-grid .wf-cell,\n.no-cssgridlegacy.no-cssgrid .dt-testimonials-shortcode.testimonials-masonry-shortcode-id-baeba67e0fc7a46669df973c997b48d4:not(.resize-by-browser-width) .dt-css-grid .wf-cell {\n  flex: 1 0 ;\n  max-width: 100%;\n  padding: 5px;\n  box-sizing: border-box;\n}\n.dt-testimonials-shortcode.testimonials-masonry-shortcode-id-baeba67e0fc7a46669df973c997b48d4.resize-by-browser-width .dt-css-grid {\n  grid-template-columns: repeat(3,1fr);\n  grid-template-rows: auto;\n  grid-column-gap: 10px;\n  grid-row-gap: 10px;\n}\n.cssgridlegacy.no-cssgrid .dt-testimonials-shortcode.testimonials-masonry-shortcode-id-baeba67e0fc7a46669df973c997b48d4.resize-by-browser-width .dt-css-grid,\n.no-cssgridlegacy.no-cssgrid .dt-testimonials-shortcode.testimonials-masonry-shortcode-id-baeba67e0fc7a46669df973c997b48d4.resize-by-browser-width .dt-css-grid {\n  margin: -5px;\n}\n.cssgridlegacy.no-cssgrid .dt-testimonials-shortcode.testimonials-masonry-shortcode-id-baeba67e0fc7a46669df973c997b48d4.resize-by-browser-width .dt-css-grid .wf-cell,\n.no-cssgridlegacy.no-cssgrid .dt-testimonials-shortcode.testimonials-masonry-shortcode-id-baeba67e0fc7a46669df973c997b48d4.resize-by-browser-width .dt-css-grid .wf-cell {\n  width: 33.333333333333%;\n  padding: 5px;\n}\n@media screen and (max-width: 1199px) {\n  .dt-testimonials-shortcode.testimonials-masonry-shortcode-id-baeba67e0fc7a46669df973c997b48d4.resize-by-browser-width .dt-css-grid {\n    grid-template-columns: repeat(3,1fr);\n  }\n  .cssgridlegacy.no-cssgrid .dt-testimonials-shortcode.testimonials-masonry-shortcode-id-baeba67e0fc7a46669df973c997b48d4.resize-by-browser-width .dt-css-grid .wf-cell,\n  .no-cssgridlegacy.no-cssgrid .dt-testimonials-shortcode.testimonials-masonry-shortcode-id-baeba67e0fc7a46669df973c997b48d4.resize-by-browser-width .dt-css-grid .wf-cell {\n    width: 33.333333333333%;\n  }\n}\n@media screen and (max-width: 991px) {\n  .dt-testimonials-shortcode.testimonials-masonry-shortcode-id-baeba67e0fc7a46669df973c997b48d4.resize-by-browser-width .dt-css-grid {\n    grid-template-columns: repeat(1,1fr);\n  }\n  .cssgridlegacy.no-cssgrid .dt-testimonials-shortcode.testimonials-masonry-shortcode-id-baeba67e0fc7a46669df973c997b48d4.resize-by-browser-width .dt-css-grid .wf-cell,\n  .no-cssgridlegacy.no-cssgrid .dt-testimonials-shortcode.testimonials-masonry-shortcode-id-baeba67e0fc7a46669df973c997b48d4.resize-by-browser-width .dt-css-grid .wf-cell {\n    width: 100%;\n  }\n}\n@media screen and (max-width: 767px) {\n  .dt-testimonials-shortcode.testimonials-masonry-shortcode-id-baeba67e0fc7a46669df973c997b48d4.resize-by-browser-width .dt-css-grid {\n    grid-template-columns: repeat(1,1fr);\n  }\n  .cssgridlegacy.no-cssgrid .dt-testimonials-shortcode.testimonials-masonry-shortcode-id-baeba67e0fc7a46669df973c997b48d4.resize-by-browser-width .dt-css-grid .wf-cell,\n  .no-cssgridlegacy.no-cssgrid .dt-testimonials-shortcode.testimonials-masonry-shortcode-id-baeba67e0fc7a46669df973c997b48d4.resize-by-browser-width .dt-css-grid .wf-cell {\n    width: 100%;\n  }\n}<\/style><div class=\"dt-testimonials-masonry-shortcode dt-testimonials-shortcode testimonials-masonry-shortcode-id-baeba67e0fc7a46669df973c997b48d4 loading-effect-none content-align-center mode-grid content-bg-on layout-1 scale-img dt-css-grid-wrap jquery-filter dt-css-grid-wrap resize-by-browser-width  \" data-padding=\"5px\" data-cur-page=\"1\" data-post-limit=\"-1\" data-pagination-mode=\"none\" data-desktop-columns-num=\"3\" data-v-tablet-columns-num=\"1\" data-h-tablet-columns-num=\"3\" data-phone-columns-num=\"1\" data-width=\"0px\" data-columns=\"0\"><div class=\"dt-css-grid\" ><div class=\"visible wf-cell\" data-post-id=\"3839\" data-date=\"2020-01-28T17:14:09+01:00\" data-name=\"Gregory Kunde\"><div class=\"testimonial-item post visible\"><div class=\"testimonial-avatar\"><span class=\"testimonial-thumb layzr-bg\"><img decoding=\"async\" class=\"preload-me iso-lazy-load aspect\" src=\"data:image\/svg+xml,%3Csvg%20xmlns%3D&#39;http%3A%2F%2Fwww.w3.org%2F2000%2Fsvg&#39;%20viewBox%3D&#39;0%200%2080%2080&#39;%2F%3E\" data-src=\"https:\/\/equipdinterprets.com\/wp-content\/uploads\/2020\/01\/Gregory-Kunde-80x80.jpg\" data-srcset=\"https:\/\/equipdinterprets.com\/wp-content\/uploads\/2020\/01\/Gregory-Kunde-80x80.jpg 80w, https:\/\/equipdinterprets.com\/wp-content\/uploads\/2020\/01\/Gregory-Kunde-160x160.jpg 160w\" loading=\"eager\" style=\"--ratio: 80 \/ 80\" sizes=\"(max-width: 80px) 100vw, 80px\" width=\"80\" height=\"80\"   alt=\"\" \/><\/span><\/div><div class=\"content-wrap\"><div class=\"testimonial-vcard\"><div class=\"testimonial-name\"><span class=\"text-primary\">Gregory Kunde<\/span><br \/><\/div><div class=\"testimonial-position\"><span class=\"text-secondary color-secondary\">Baritenor<\/span><\/div><\/div><div class=\"testimonial-content\"><p>May I just say a fantastic, bravissimo to our translator.<\/p>\n<\/div><\/div><\/div><\/div><div class=\"visible wf-cell\" data-post-id=\"3837\" data-date=\"2019-12-15T12:00:11+01:00\" data-name=\"Charles Cummings\"><div class=\"testimonial-item post visible\"><div class=\"testimonial-avatar\"><span class=\"testimonial-thumb layzr-bg\"><img decoding=\"async\" class=\"preload-me iso-lazy-load aspect\" src=\"data:image\/svg+xml,%3Csvg%20xmlns%3D&#39;http%3A%2F%2Fwww.w3.org%2F2000%2Fsvg&#39;%20viewBox%3D&#39;0%200%2080%2080&#39;%2F%3E\" data-src=\"https:\/\/equipdinterprets.com\/wp-content\/uploads\/2019\/12\/Charles-Cumming-80x80.jpg\" data-srcset=\"https:\/\/equipdinterprets.com\/wp-content\/uploads\/2019\/12\/Charles-Cumming-80x80.jpg 80w, https:\/\/equipdinterprets.com\/wp-content\/uploads\/2019\/12\/Charles-Cumming-160x160.jpg 160w\" loading=\"eager\" style=\"--ratio: 80 \/ 80\" sizes=\"(max-width: 80px) 100vw, 80px\" width=\"80\" height=\"80\"   alt=\"\" \/><\/span><\/div><div class=\"content-wrap\"><div class=\"testimonial-vcard\"><div class=\"testimonial-name\"><span class=\"text-primary\">Charles Cummings<\/span><br \/><\/div><div class=\"testimonial-position\"><span class=\"text-secondary color-secondary\">Escritor<\/span><\/div><\/div><div class=\"testimonial-content\"><p>Thank you so much for doing such a incredible job translating at Barcelona Negra 2019.<\/p>\n<\/div><\/div><\/div><\/div><div class=\"visible wf-cell\" data-post-id=\"3835\" data-date=\"2019-12-15T11:57:59+01:00\" data-name=\"Tom Wolfe\"><div class=\"testimonial-item post visible\"><div class=\"testimonial-avatar\"><span class=\"testimonial-thumb layzr-bg\"><img decoding=\"async\" class=\"preload-me iso-lazy-load aspect\" src=\"data:image\/svg+xml,%3Csvg%20xmlns%3D&#39;http%3A%2F%2Fwww.w3.org%2F2000%2Fsvg&#39;%20viewBox%3D&#39;0%200%2080%2080&#39;%2F%3E\" data-src=\"https:\/\/equipdinterprets.com\/wp-content\/uploads\/2019\/12\/Tom-Wolfe-80x80.jpg\" data-srcset=\"https:\/\/equipdinterprets.com\/wp-content\/uploads\/2019\/12\/Tom-Wolfe-80x80.jpg 80w, https:\/\/equipdinterprets.com\/wp-content\/uploads\/2019\/12\/Tom-Wolfe-160x160.jpg 160w\" loading=\"eager\" style=\"--ratio: 80 \/ 80\" sizes=\"(max-width: 80px) 100vw, 80px\" width=\"80\" height=\"80\"   alt=\"\" \/><\/span><\/div><div class=\"content-wrap\"><div class=\"testimonial-vcard\"><div class=\"testimonial-name\"><span class=\"text-primary\">Tom Wolfe<\/span><br \/><\/div><div class=\"testimonial-position\"><span class=\"text-secondary color-secondary\">Escritor<\/span><\/div><\/div><div class=\"testimonial-content\"><p>Janine took the words right out of my mouth and made them seem lucky.<\/p>\n<\/div><\/div><\/div><\/div><div class=\"visible wf-cell\" data-post-id=\"3831\" data-date=\"2019-12-13T12:00:23+01:00\" data-name=\"Rory Simpson\"><div class=\"testimonial-item post visible\"><div class=\"testimonial-avatar\"><span class=\"testimonial-thumb layzr-bg\"><img decoding=\"async\" class=\"preload-me iso-lazy-load aspect\" src=\"data:image\/svg+xml,%3Csvg%20xmlns%3D&#39;http%3A%2F%2Fwww.w3.org%2F2000%2Fsvg&#39;%20viewBox%3D&#39;0%200%2080%2080&#39;%2F%3E\" data-src=\"https:\/\/equipdinterprets.com\/wp-content\/uploads\/2019\/12\/Logo-Telefonica-Universitas-80x80.jpg\" data-srcset=\"https:\/\/equipdinterprets.com\/wp-content\/uploads\/2019\/12\/Logo-Telefonica-Universitas-80x80.jpg 80w, https:\/\/equipdinterprets.com\/wp-content\/uploads\/2019\/12\/Logo-Telefonica-Universitas-160x160.jpg 160w\" loading=\"eager\" style=\"--ratio: 80 \/ 80\" sizes=\"(max-width: 80px) 100vw, 80px\" width=\"80\" height=\"80\"   alt=\"\" \/><\/span><\/div><div class=\"content-wrap\"><div class=\"testimonial-vcard\"><div class=\"testimonial-name\"><span class=\"text-primary\">Rory Simpson<\/span><br \/><\/div><div class=\"testimonial-position\"><span class=\"text-secondary color-secondary\">Chief Executive Learning Officer\r\n\r\n<\/span><\/div><\/div><div class=\"testimonial-content\"><p>Con <b><em>equip d\u2019int\u00e8rprets<\/b><\/em>, el participante olvida que el curso se est\u00e1 impartiendo en un idioma que no domina, y los profesores mantienen conversaciones con total naturalidad con participantes que no hablan su lengua.<\/p>\n<\/div><\/div><\/div><\/div><div class=\"visible wf-cell\" data-post-id=\"3841\" data-date=\"2019-12-12T11:55:50+01:00\" data-name=\"Marta Lacambra\"><div class=\"testimonial-item post visible\"><div class=\"testimonial-avatar\"><span class=\"testimonial-thumb layzr-bg\"><img decoding=\"async\" class=\"preload-me iso-lazy-load aspect\" src=\"data:image\/svg+xml,%3Csvg%20xmlns%3D&#39;http%3A%2F%2Fwww.w3.org%2F2000%2Fsvg&#39;%20viewBox%3D&#39;0%200%2080%2080&#39;%2F%3E\" data-src=\"https:\/\/equipdinterprets.com\/wp-content\/uploads\/2019\/12\/Fundaci\u00f3-Catalunya-80x80.jpg\" data-srcset=\"https:\/\/equipdinterprets.com\/wp-content\/uploads\/2019\/12\/Fundaci\u00f3-Catalunya-80x80.jpg 80w, https:\/\/equipdinterprets.com\/wp-content\/uploads\/2019\/12\/Fundaci\u00f3-Catalunya-160x160.jpg 160w\" loading=\"eager\" style=\"--ratio: 80 \/ 80\" sizes=\"(max-width: 80px) 100vw, 80px\" width=\"80\" height=\"80\"   alt=\"\" \/><\/span><\/div><div class=\"content-wrap\"><div class=\"testimonial-vcard\"><div class=\"testimonial-name\"><span class=\"text-primary\">Marta Lacambra<\/span><br \/><\/div><div class=\"testimonial-position\"><span class=\"text-secondary color-secondary\">D.G. Fundaci\u00f3 Catalunya - La Pedrera<\/span><\/div><\/div><div class=\"testimonial-content\"><p>Sabemos que, si contamos con ellos, podemos estar tranquilos, y que cordialidad y profesionalidad ser\u00e1n dos rasgos distintivos de la traducci\u00f3n de nuestros actos. <\/p>\n<\/div><\/div><\/div><\/div><div class=\"visible wf-cell\" data-post-id=\"3856\" data-date=\"2019-12-12T10:47:05+01:00\" data-name=\"Jorge Herralde\"><div class=\"testimonial-item post visible\"><div class=\"testimonial-avatar\"><span class=\"testimonial-thumb layzr-bg\"><img decoding=\"async\" class=\"preload-me iso-lazy-load aspect\" src=\"data:image\/svg+xml,%3Csvg%20xmlns%3D&#39;http%3A%2F%2Fwww.w3.org%2F2000%2Fsvg&#39;%20viewBox%3D&#39;0%200%2080%2080&#39;%2F%3E\" data-src=\"https:\/\/equipdinterprets.com\/wp-content\/uploads\/2019\/02\/unnamed-1-80x80.jpg\" data-srcset=\"https:\/\/equipdinterprets.com\/wp-content\/uploads\/2019\/02\/unnamed-1-80x80.jpg 80w, https:\/\/equipdinterprets.com\/wp-content\/uploads\/2019\/02\/unnamed-1.jpg 130w\" loading=\"eager\" style=\"--ratio: 80 \/ 80\" sizes=\"(max-width: 80px) 100vw, 80px\" width=\"80\" height=\"80\"   alt=\"\" \/><\/span><\/div><div class=\"content-wrap\"><div class=\"testimonial-vcard\"><div class=\"testimonial-name\"><span class=\"text-primary\">Jorge Herralde<\/span><br \/><\/div><div class=\"testimonial-position\"><span class=\"text-secondary color-secondary\">Editorial Anagrama <\/span><\/div><\/div><div class=\"testimonial-content\"><p>Queremos destacar su profesionalidad y buen hacer. Ha traducido para numerosos escritores y pensadores, y lo ha hecho con buena sinton\u00eda y respeto por los autores, y de un modo plenamente satisfactorio para los autores, periodistas y p\u00fablico. <\/p>\n<\/div><\/div><\/div><\/div><div class=\"visible wf-cell\" data-post-id=\"3833\" data-date=\"2019-12-11T11:57:09+01:00\" data-name=\"Norma V\u00e9lez\"><div class=\"testimonial-item post visible\"><div class=\"testimonial-avatar\"><span class=\"testimonial-thumb layzr-bg\"><img decoding=\"async\" class=\"preload-me iso-lazy-load aspect\" src=\"data:image\/svg+xml,%3Csvg%20xmlns%3D&#39;http%3A%2F%2Fwww.w3.org%2F2000%2Fsvg&#39;%20viewBox%3D&#39;0%200%2080%2080&#39;%2F%3E\" data-src=\"https:\/\/equipdinterprets.com\/wp-content\/uploads\/2019\/12\/MNAC-80x80.jpg\" data-srcset=\"https:\/\/equipdinterprets.com\/wp-content\/uploads\/2019\/12\/MNAC-80x80.jpg 80w, https:\/\/equipdinterprets.com\/wp-content\/uploads\/2019\/12\/MNAC-160x160.jpg 160w\" loading=\"eager\" style=\"--ratio: 80 \/ 80\" sizes=\"(max-width: 80px) 100vw, 80px\" width=\"80\" height=\"80\"   alt=\"\" \/><\/span><\/div><div class=\"content-wrap\"><div class=\"testimonial-vcard\"><div class=\"testimonial-name\"><span class=\"text-primary\">Norma V\u00e9lez<\/span><br \/><\/div><div class=\"testimonial-position\"><span class=\"text-secondary color-secondary\">Dept. Activitats, MNAC<\/span><\/div><\/div><div class=\"testimonial-content\"><p>Valoramos muy positivamente los servicios realizados en el museo, por la preparaci\u00f3n exhaustiva de los encargos, el dominio del vocabulario y los conceptos y la amena interpretaci\u00f3n de las traducciones.<\/p>\n<\/div><\/div><\/div><\/div><div class=\"visible wf-cell\" data-post-id=\"3858\" data-date=\"2019-12-10T10:46:03+01:00\" data-name=\"Manuel Guerrero\"><div class=\"testimonial-item post visible\"><div class=\"testimonial-avatar\"><span class=\"testimonial-thumb layzr-bg\"><img decoding=\"async\" class=\"preload-me iso-lazy-load aspect\" src=\"data:image\/svg+xml,%3Csvg%20xmlns%3D&#39;http%3A%2F%2Fwww.w3.org%2F2000%2Fsvg&#39;%20viewBox%3D&#39;0%200%2080%2080&#39;%2F%3E\" data-src=\"https:\/\/equipdinterprets.com\/wp-content\/uploads\/2019\/02\/unnamed-2-80x80.jpg\" data-srcset=\"https:\/\/equipdinterprets.com\/wp-content\/uploads\/2019\/02\/unnamed-2-80x80.jpg 80w, https:\/\/equipdinterprets.com\/wp-content\/uploads\/2019\/02\/unnamed-2.jpg 131w\" loading=\"eager\" style=\"--ratio: 80 \/ 80\" sizes=\"(max-width: 80px) 100vw, 80px\" width=\"80\" height=\"80\"   alt=\"\" \/><\/span><\/div><div class=\"content-wrap\"><div class=\"testimonial-vcard\"><div class=\"testimonial-name\"><span class=\"text-primary\">Manuel Guerrero<\/span><br \/><\/div><div class=\"testimonial-position\"><span class=\"text-secondary color-secondary\">Arts Santa M\u00f2nica<\/span><\/div><\/div><div class=\"testimonial-content\"><p>Para evitar que una traducci\u00f3n defectuosa pueda malbaratar los esfuerzos invertidos en traer a grandes artistas a Barcelona, hace m\u00e1s de diez a\u00f1os que confiamos en equip d&#8217;int\u00e8rprets.<\/p>\n<\/div><\/div><\/div><\/div><div class=\"visible wf-cell\" data-post-id=\"3860\" data-date=\"2019-12-09T10:46:02+01:00\" data-name=\"Montse Ingla\"><div class=\"testimonial-item post visible\"><div class=\"testimonial-avatar\"><span class=\"testimonial-thumb layzr-bg\"><img decoding=\"async\" class=\"preload-me iso-lazy-load aspect\" src=\"data:image\/svg+xml,%3Csvg%20xmlns%3D&#39;http%3A%2F%2Fwww.w3.org%2F2000%2Fsvg&#39;%20viewBox%3D&#39;0%200%2080%2080&#39;%2F%3E\" data-src=\"https:\/\/equipdinterprets.com\/wp-content\/uploads\/2019\/12\/unnamed-3-80x80.jpg\" data-srcset=\"https:\/\/equipdinterprets.com\/wp-content\/uploads\/2019\/12\/unnamed-3-80x80.jpg 80w, https:\/\/equipdinterprets.com\/wp-content\/uploads\/2019\/12\/unnamed-3-160x160.jpg 160w\" loading=\"eager\" style=\"--ratio: 80 \/ 80\" sizes=\"(max-width: 80px) 100vw, 80px\" width=\"80\" height=\"80\"   alt=\"\" \/><\/span><\/div><div class=\"content-wrap\"><div class=\"testimonial-vcard\"><div class=\"testimonial-name\"><span class=\"text-primary\">Montse Ingla<\/span><br \/><\/div><div class=\"testimonial-position\"><span class=\"text-secondary color-secondary\">Arc\u00e0dia<\/span><\/div><\/div><div class=\"testimonial-content\"><p>En todas las ocasiones, sin excepci\u00f3n, su trabajo ha sido aplaudido por los ponentes y por el p\u00fablico. Se preparan cada sesi\u00f3n, pero tambi\u00e9n tienen gran capacidad de improvisar en situaciones inesperadas.<\/p>\n<\/div><\/div><\/div><\/div><\/div><!-- iso-container|iso-grid --><\/div>[\/vc_column][\/vc_row]<\/p>\n","protected":false},"excerpt":{"rendered":"<p>[vc_row css=\u00bb.vc_custom_1580035910611{padding-top: 80px !important;padding-bottom: 80px !important;}\u00bb][vc_column][\/vc_column][\/vc_row]<\/p>\n","protected":false},"author":3,"featured_media":0,"parent":0,"menu_order":2,"comment_status":"closed","ping_status":"closed","template":"","meta":{"footnotes":""},"class_list":["post-3691","page","type-page","status-publish","hentry","description-off"],"_links":{"self":[{"href":"https:\/\/equipdinterprets.com\/es\/wp-json\/wp\/v2\/pages\/3691","targetHints":{"allow":["GET"]}}],"collection":[{"href":"https:\/\/equipdinterprets.com\/es\/wp-json\/wp\/v2\/pages"}],"about":[{"href":"https:\/\/equipdinterprets.com\/es\/wp-json\/wp\/v2\/types\/page"}],"author":[{"embeddable":true,"href":"https:\/\/equipdinterprets.com\/es\/wp-json\/wp\/v2\/users\/3"}],"replies":[{"embeddable":true,"href":"https:\/\/equipdinterprets.com\/es\/wp-json\/wp\/v2\/comments?post=3691"}],"version-history":[{"count":4,"href":"https:\/\/equipdinterprets.com\/es\/wp-json\/wp\/v2\/pages\/3691\/revisions"}],"predecessor-version":[{"id":4537,"href":"https:\/\/equipdinterprets.com\/es\/wp-json\/wp\/v2\/pages\/3691\/revisions\/4537"}],"wp:attachment":[{"href":"https:\/\/equipdinterprets.com\/es\/wp-json\/wp\/v2\/media?parent=3691"}],"curies":[{"name":"wp","href":"https:\/\/api.w.org\/{rel}","templated":true}]}}