{"id":3683,"date":"2021-01-24T23:45:50","date_gmt":"2021-01-24T21:45:50","guid":{"rendered":"https:\/\/equipdinterprets.com\/que-fem\/consultoria\/"},"modified":"2021-02-24T22:32:57","modified_gmt":"2021-02-24T21:32:57","slug":"consultoria","status":"publish","type":"page","link":"https:\/\/equipdinterprets.com\/es\/que-hacemos\/consultoria\/","title":{"rendered":"Consultor\u00eda"},"content":{"rendered":"<p>[vc_row equal_height=\u00bbyes\u00bb content_placement=\u00bbmiddle\u00bb css=\u00bb.vc_custom_1580061277592{padding-top: 80px !important;padding-bottom: 20px !important;}\u00bb el_class=\u00bbphone-reverse-col\u00bb][vc_column width=\u00bb1\/2&#8243; offset=\u00bbvc_col-lg-6 vc_col-md-6 vc_col-xs-12&#8243; css=\u00bb.vc_custom_1580061267220{padding-bottom: 60px !important;}\u00bb]<style type=\"text\/css\" data-type=\"the7_shortcodes-inline-css\">.shortcode-single-image-wrap.shortcode-single-image-3c864cde4df783315ad24c1233c6ca03.enable-bg-rollover .rollover i,\n.shortcode-single-image-wrap.shortcode-single-image-3c864cde4df783315ad24c1233c6ca03.enable-bg-rollover .rollover-video i {\n  background: -webkit-linear-gradient();\n  background: linear-gradient();\n}\n.shortcode-single-image-wrap.shortcode-single-image-3c864cde4df783315ad24c1233c6ca03 .rollover-icon {\n  font-size: 32px;\n  color: #ffffff;\n  min-width: 44px;\n  min-height: 44px;\n  line-height: 44px;\n  border-radius: 100px;\n  border-style: solid;\n  border-width: 0px;\n}\n.dt-icon-bg-on.shortcode-single-image-wrap.shortcode-single-image-3c864cde4df783315ad24c1233c6ca03 .rollover-icon {\n  background: rgba(255,255,255,0.3);\n  box-shadow: none;\n}<\/style><div class=\"shortcode-single-image-wrap shortcode-single-image-3c864cde4df783315ad24c1233c6ca03 alignnone  enable-bg-rollover dt-icon-bg-off\" style=\"margin-top:0px; margin-bottom:0px; margin-left:0px; margin-right:0px; width:1200px;\"><div class=\"shortcode-single-image\"><div class=\"fancy-media-wrap  layzr-bg\" style=\"\"><img fetchpriority=\"high\" decoding=\"async\" class=\"preload-me lazy-load aspect\" src=\"data:image\/svg+xml,%3Csvg%20xmlns%3D&#39;http%3A%2F%2Fwww.w3.org%2F2000%2Fsvg&#39;%20viewBox%3D&#39;0%200%201200%20900&#39;%2F%3E\" data-src=\"https:\/\/equipdinterprets.com\/wp-content\/uploads\/2021\/02\/question-mark-1872634_1920-1200x900.jpg\" data-srcset=\"https:\/\/equipdinterprets.com\/wp-content\/uploads\/2021\/02\/question-mark-1872634_1920-1200x900.jpg 1200w, https:\/\/equipdinterprets.com\/wp-content\/uploads\/2021\/02\/question-mark-1872634_1920-1408x1056.jpg 1408w\" loading=\"eager\" sizes=\"(max-width: 1200px) 100vw, 1200px\" width=\"1200\" height=\"900\"  data-dt-location=\"https:\/\/equipdinterprets.com\/es\/que-fem\/consultoria\/question-mark-1872634_1920\/\" style=\"--ratio: 1200 \/ 900;\" alt=\"\" \/><\/div><\/div><\/div>[\/vc_column][vc_column width=\u00bb1\/2&#8243; css=\u00bb.vc_custom_1580061272766{padding-bottom: 60px !important;}\u00bb offset=\u00bbvc_col-lg-6 vc_col-md-6 vc_col-xs-12&#8243;]<div id=\"ultimate-heading-30369e7d4c497f08\" class=\"uvc-heading ult-adjust-bottom-margin ultimate-heading-30369e7d4c497f08 uvc-4103 accent-border-color\" data-hspacer=\"line_only\"  data-halign=\"left\" style=\"text-align:left\"><div class=\"uvc-main-heading ult-responsive\"  data-ultimate-target='.uvc-heading.ultimate-heading-30369e7d4c497f08 h2'  data-responsive-json-new='{\"font-size\":\"mobile_landscape:24px;\",\"line-height\":\"mobile_landscape:34px;\"}' ><h2 style=\"font-weight:bold;margin-bottom:15px;\">Consultor\u00eda<\/h2><\/div><div class=\"uvc-heading-spacer line_only\" style=\"margin-bottom:30px;height:3px;\"><span class=\"uvc-headings-line\" style=\"border-style:solid;border-bottom-width:3px;border-color:;width:150px;\"><\/span><\/div><\/div>[vc_column_text css=\u00bb.vc_custom_1614202320484{padding-bottom: 20px !important;}\u00bb]<\/p>\n<div class=\"elementor-element elementor-element-6314777f elementor-widget elementor-widget-text-editor\" data-id=\"6314777f\" data-element_type=\"widget\" data-widget_type=\"text-editor.default\">\n<div class=\"elementor-widget-container\">\n<div class=\"elementor-text-editor elementor-clearfix\">\n<p>Los idiomas son nuestro trabajo. Te asesoramos para buscar el mejor modo de hacer llegar tus ideas a tu p\u00fablico objetivo. \u00bfCon interpretaci\u00f3n o sin? \u00bfLo preferir\u00edas subtitulado? \u00bfO quiz\u00e1s pregrabado? \u00bfEn lengua de signos? \u00bfNecesitas ayuda para preparar un discurso que pronunciar\u00e1s en ingl\u00e9s? \u00bfNo sabes c\u00f3mo atar alg\u00fan fleco para esa reuni\u00f3n h\u00edbrida? Cada acto p\u00fablico es una gran inversi\u00f3n y representa mucho para la instituci\u00f3n que lo organiza. Hazlo bien. Si tienes un proyecto, con mucho gusto te acompa\u00f1amos. Escoge tranquilidad y nos ocuparemos de todo.<\/p>\n<\/div>\n<\/div>\n<\/div>\n<p>[\/vc_column_text][\/vc_column][\/vc_row][vc_row equal_height=\u00bbyes\u00bb content_placement=\u00bbmiddle\u00bb css=\u00bb.vc_custom_1580061723840{padding-top: 60px !important;padding-bottom: 30px !important;}\u00bb][vc_column width=\u00bb5\/12&#8243; css=\u00bb.vc_custom_1580058461817{padding-bottom: 30px !important;}\u00bb offset=\u00bbvc_col-lg-offset-0 vc_col-lg-4 vc_col-md-offset-1 vc_col-md-5 vc_col-sm-offset-1&#8243;]<div id=\"ultimate-heading-144969e7d4c497fe7\" class=\"uvc-heading ult-adjust-bottom-margin ultimate-heading-144969e7d4c497fe7 uvc-4744 accent-subtitle-color\" data-hspacer=\"no_spacer\"  data-halign=\"left\" style=\"text-align:left\"><div class=\"uvc-heading-spacer no_spacer\" style=\"top\"><\/div><div class=\"uvc-main-heading ult-responsive\"  data-ultimate-target='.uvc-heading.ultimate-heading-144969e7d4c497fe7 h3'  data-responsive-json-new='{\"font-size\":\"desktop:32px;mobile_landscape:24px;\",\"line-height\":\"desktop:42px;mobile_landscape:34px;\"}' ><h3 style=\"--font-weight:theme;\">Escr\u00edbenos<\/h3><\/div><div class=\"uvc-sub-heading ult-responsive\"  data-ultimate-target='.uvc-heading.ultimate-heading-144969e7d4c497fe7 .uvc-sub-heading '  data-responsive-json-new='{\"font-size\":\"desktop:20px;mobile_landscape:16px;\",\"line-height\":\"desktop:30px;mobile_landscape:26px;\"}'  style=\"font-weight:bold;\"><\/p>\n<p class=\"elementor-heading-title elementor-size-default\">si tienes un proyecto<\/p>\n<p><\/div><\/div>[\/vc_column][vc_column width=\u00bb1\/2&#8243; css=\u00bb.vc_custom_1580058491935{padding-bottom: 30px !important;}\u00bb offset=\u00bbvc_col-lg-4 vc_col-md-5&#8243;]<style type=\"text\/css\" data-type=\"the7_shortcodes-inline-css\">.icon-with-text-shortcode.icon-text-id-efab7d4c1b9564fed6f8264b3c899813 .text-icon {\n  width: 32px;\n  height: 32px;\n  line-height: 32px;\n  font-size: 32px;\n  border-radius: 200px;\n  margin: 0px 20px 0px 0px;\n}\n.icon-with-text-shortcode.icon-text-id-efab7d4c1b9564fed6f8264b3c899813 .text-icon .icon-inner {\n  min-width: 32px;\n  min-height: 32px;\n  border-radius: 200px;\n}\n@media all and (-ms-high-contrast: none) {\n  .icon-with-text-shortcode.icon-text-id-efab7d4c1b9564fed6f8264b3c899813 .text-icon .icon-inner {\n    height: 32px;\n  }\n}\n.icon-with-text-shortcode.icon-text-id-efab7d4c1b9564fed6f8264b3c899813 .text-icon .dt-hover-icon {\n  line-height: 32px;\n}\n.icon-with-text-shortcode.icon-text-id-efab7d4c1b9564fed6f8264b3c899813 .text-icon:before,\n.icon-with-text-shortcode.icon-text-id-efab7d4c1b9564fed6f8264b3c899813 .text-icon:after,\n.icon-with-text-shortcode.icon-text-id-efab7d4c1b9564fed6f8264b3c899813 .text-icon .icon-inner:before,\n.icon-with-text-shortcode.icon-text-id-efab7d4c1b9564fed6f8264b3c899813 .text-icon .icon-inner:after {\n  min-width: 100%;\n  min-height: 100%;\n  padding: inherit;\n  border-radius: inherit;\n}\n.icon-with-text-shortcode.icon-text-id-efab7d4c1b9564fed6f8264b3c899813 .text-icon.dt-icon-border-on:before {\n  border-width: 2px;\n  border-style: solid;\n}\n.dt-icon-border-dashed.icon-with-text-shortcode.icon-text-id-efab7d4c1b9564fed6f8264b3c899813 .text-icon.dt-icon-border-on:before {\n  border-style: dashed;\n}\n.dt-icon-border-dotted.icon-with-text-shortcode.icon-text-id-efab7d4c1b9564fed6f8264b3c899813 .text-icon.dt-icon-border-on:before {\n  border-style: dotted;\n}\n.dt-icon-border-double.icon-with-text-shortcode.icon-text-id-efab7d4c1b9564fed6f8264b3c899813 .text-icon.dt-icon-border-on:before {\n  border-style: double;\n}\n.icon-with-text-shortcode.icon-text-id-efab7d4c1b9564fed6f8264b3c899813 .text-icon.dt-icon-border-dashed.dt-icon-border-on:before {\n  border-style: dashed;\n}\n.icon-with-text-shortcode.icon-text-id-efab7d4c1b9564fed6f8264b3c899813 .text-icon.dt-icon-border-dotted.dt-icon-border-on:before {\n  border-style: dotted;\n}\n.icon-with-text-shortcode.icon-text-id-efab7d4c1b9564fed6f8264b3c899813 .text-icon.dt-icon-border-double.dt-icon-border-on:before {\n  border-style: double;\n}\n.icon-with-text-shortcode.icon-text-id-efab7d4c1b9564fed6f8264b3c899813 .text-icon.dt-icon-hover-border-on:after {\n  border-width: 2px;\n  border-style: solid;\n}\n.icon-with-text-shortcode.icon-text-id-efab7d4c1b9564fed6f8264b3c899813 .text-icon.dt-icon-border-dashed.dt-icon-hover-border-on:after {\n  border-style: dashed;\n}\n.icon-with-text-shortcode.icon-text-id-efab7d4c1b9564fed6f8264b3c899813 .text-icon.dt-icon-border-dotted.dt-icon-hover-border-on:after {\n  border-style: dotted;\n}\n.icon-with-text-shortcode.icon-text-id-efab7d4c1b9564fed6f8264b3c899813 .text-icon.dt-icon-border-double.dt-icon-hover-border-on:after {\n  border-style: double;\n}\n.icon-with-text-shortcode.icon-text-id-efab7d4c1b9564fed6f8264b3c899813 .text-icon.dt-icon-hover-on:hover {\n  font-size: 32px;\n}\n#page .icon-with-text-shortcode.icon-text-id-efab7d4c1b9564fed6f8264b3c899813 .text-icon.dt-icon-hover-on:hover .soc-font-icon,\n#phantom .icon-with-text-shortcode.icon-text-id-efab7d4c1b9564fed6f8264b3c899813 .text-icon.dt-icon-hover-on:hover .soc-font-icon,\n#page .icon-with-text-shortcode.icon-text-id-efab7d4c1b9564fed6f8264b3c899813 .text-icon.dt-icon-hover-on:hover .soc-icon,\n#phantom .icon-with-text-shortcode.icon-text-id-efab7d4c1b9564fed6f8264b3c899813 .text-icon.dt-icon-hover-on:hover .soc-icon {\n  color: #fff;\n  background: none;\n}\n.icon-with-text-shortcode.icon-text-id-efab7d4c1b9564fed6f8264b3c899813.layout-1 {\n  grid-template-columns: 32px minmax(0,1fr);\n  grid-column-gap: 20px;\n}\n.icon-with-text-shortcode.icon-text-id-efab7d4c1b9564fed6f8264b3c899813.layout-2 {\n  grid-template-columns: minmax(0,1fr) 32px;\n  grid-column-gap: 0px;\n}\n.icon-with-text-shortcode.icon-text-id-efab7d4c1b9564fed6f8264b3c899813.layout-2 .text-icon {\n  margin-left: 0;\n}\n.icon-with-text-shortcode.icon-text-id-efab7d4c1b9564fed6f8264b3c899813.layout-3 {\n  grid-template-columns: 32px minmax(0,1fr);\n}\n.icon-with-text-shortcode.icon-text-id-efab7d4c1b9564fed6f8264b3c899813.layout-3 .dt-text-title {\n  margin-left: 20px;\n}\n.icon-with-text-shortcode.icon-text-id-efab7d4c1b9564fed6f8264b3c899813 .dt-text-title,\n.icon-with-text-shortcode.icon-text-id-efab7d4c1b9564fed6f8264b3c899813 .dt-text-title a {\n  font-size: 20px;\n  line-height: 28px;\n  font-weight: bold;\n}\n.icon-with-text-shortcode.icon-text-id-efab7d4c1b9564fed6f8264b3c899813 .dt-text-title {\n  margin-bottom: 0px;\n}\n.icon-with-text-shortcode.icon-text-id-efab7d4c1b9564fed6f8264b3c899813 .dt-text-desc {\n  margin-bottom: 0px;\n  font-weight: bold;\n}<\/style><div class=\"icon-with-text-shortcode  icon-text-id-efab7d4c1b9564fed6f8264b3c899813 layout-3  \" ><span   class=\"text-icon dt-icon-bg-off dt-icon-hover-off\" ><span class=\"icon-inner\"><i class=\"dt-regular-icon soc-icon far fa-envelope\"><\/i><i class=\"dt-hover-icon soc-icon far fa-envelope\"><\/i><\/span><\/span><h3 class=\"dt-text-title\"  >hola@equipdinterprets.com<\/h3><\/div>[\/vc_column][vc_column width=\u00bb5\/6&#8243; css=\u00bb.vc_custom_1580060444957{padding-bottom: 30px !important;}\u00bb offset=\u00bbvc_col-lg-offset-0 vc_col-lg-4 vc_col-md-offset-1 vc_col-md-10 vc_col-sm-offset-1&#8243;]<style type=\"text\/css\" data-type=\"the7_shortcodes-inline-css\">#default-btn-cc0b411ddf7a25600ab6259b14b98a03 {\n  border-radius: 0px;\n  font-size: 20px;\n  line-height: 22px;\n}\n.btn-shadow#default-btn-cc0b411ddf7a25600ab6259b14b98a03 {\n  box-shadow: 0 1px 6px rgba(0,0,0,0.12);\n  transition: box-shadow 0.2s ease-out, opacity 0.45s;\n}\n.btn-shadow#default-btn-cc0b411ddf7a25600ab6259b14b98a03:hover {\n  box-shadow: 0 5px 11px 0 rgba(0,0,0,0.18), 0 4px 15px 0 rgba(0,0,0,0.15);\n}\n.btn-3d#default-btn-cc0b411ddf7a25600ab6259b14b98a03:hover {\n  box-shadow: 0px 2px 0px 0px #788624;\n}\n.btn-flat#default-btn-cc0b411ddf7a25600ab6259b14b98a03 {\n  box-shadow: none;\n}\n.btn-flat#default-btn-cc0b411ddf7a25600ab6259b14b98a03:hover {\n  box-shadow: none;\n}\n#default-btn-cc0b411ddf7a25600ab6259b14b98a03.ico-right-side > i {\n  margin-right: 0px;\n  margin-left: 8px;\n}\n#default-btn-cc0b411ddf7a25600ab6259b14b98a03 > i {\n  margin-right: 8px;\n  font-size: 24px;\n}\n#default-btn-cc0b411ddf7a25600ab6259b14b98a03:not(:hover) {\n  border-width: 3px;\n  border-color: #b4cd1a !important;\n  color: #b4cd1a;\n  background: none !important;\n  padding: 18px 10px 18px 10px;\n}\n#default-btn-cc0b411ddf7a25600ab6259b14b98a03:not(:hover) * {\n  color: #b4cd1a;\n}\n#default-btn-cc0b411ddf7a25600ab6259b14b98a03:hover {\n  border-width: 0px;\n  color: #ffffff;\n  background: #b4cd1a !important;\n  padding: 21px 13px 21px 13px;\n}\n#default-btn-cc0b411ddf7a25600ab6259b14b98a03:hover * {\n  color: #ffffff;\n}\n#default-btn-cc0b411ddf7a25600ab6259b14b98a03.ico-right-side > i {\n  margin-right: 0px;\n  margin-left: 8px;\n}\n#default-btn-cc0b411ddf7a25600ab6259b14b98a03 > i {\n  margin-right: 8px;\n}<\/style><div class=\"btn-align-center\"><a href=\"https:\/\/equipdinterprets.com\/es\/contacto\/\" class=\"default-btn-shortcode dt-btn link-hover-off full-width-btn btn-flat \" id=\"default-btn-cc0b411ddf7a25600ab6259b14b98a03\" title=\"Contacto\"><span>Contacto<\/span><\/a><\/div>[\/vc_column][\/vc_row]<\/p>\n","protected":false},"excerpt":{"rendered":"<p>[vc_row equal_height=\u00bbyes\u00bb content_placement=\u00bbmiddle\u00bb css=\u00bb.vc_custom_1580061277592{padding-top: 80px !important;padding-bottom: 20px !important;}\u00bb el_class=\u00bbphone-reverse-col\u00bb][vc_column width=\u00bb1\/2&#8243; offset=\u00bbvc_col-lg-6 vc_col-md-6 vc_col-xs-12&#8243; css=\u00bb.vc_custom_1580061267220{padding-bottom: 60px !important;}\u00bb][\/vc_column][vc_column width=\u00bb1\/2&#8243; css=\u00bb.vc_custom_1580061272766{padding-bottom: 60px !important;}\u00bb offset=\u00bbvc_col-lg-6 vc_col-md-6 vc_col-xs-12&#8243;][vc_column_text css=\u00bb.vc_custom_1614202320484{padding-bottom: 20px !important;}\u00bb] Los idiomas son nuestro trabajo. Te asesoramos para buscar el mejor modo de hacer llegar tus ideas a tu p\u00fablico objetivo. \u00bfCon interpretaci\u00f3n o sin? \u00bfLo preferir\u00edas subtitulado? \u00bfO&hellip;<\/p>\n","protected":false},"author":3,"featured_media":0,"parent":3669,"menu_order":3,"comment_status":"closed","ping_status":"closed","template":"","meta":{"footnotes":""},"class_list":["post-3683","page","type-page","status-publish","hentry","description-off"],"_links":{"self":[{"href":"https:\/\/equipdinterprets.com\/es\/wp-json\/wp\/v2\/pages\/3683","targetHints":{"allow":["GET"]}}],"collection":[{"href":"https:\/\/equipdinterprets.com\/es\/wp-json\/wp\/v2\/pages"}],"about":[{"href":"https:\/\/equipdinterprets.com\/es\/wp-json\/wp\/v2\/types\/page"}],"author":[{"embeddable":true,"href":"https:\/\/equipdinterprets.com\/es\/wp-json\/wp\/v2\/users\/3"}],"replies":[{"embeddable":true,"href":"https:\/\/equipdinterprets.com\/es\/wp-json\/wp\/v2\/comments?post=3683"}],"version-history":[{"count":12,"href":"https:\/\/equipdinterprets.com\/es\/wp-json\/wp\/v2\/pages\/3683\/revisions"}],"predecessor-version":[{"id":4706,"href":"https:\/\/equipdinterprets.com\/es\/wp-json\/wp\/v2\/pages\/3683\/revisions\/4706"}],"up":[{"embeddable":true,"href":"https:\/\/equipdinterprets.com\/es\/wp-json\/wp\/v2\/pages\/3669"}],"wp:attachment":[{"href":"https:\/\/equipdinterprets.com\/es\/wp-json\/wp\/v2\/media?parent=3683"}],"curies":[{"name":"wp","href":"https:\/\/api.w.org\/{rel}","templated":true}]}}