{"id":3673,"date":"2021-01-22T22:04:34","date_gmt":"2021-01-22T20:04:34","guid":{"rendered":"https:\/\/equipdinterprets.com\/que-fem\/que-es-la-interpretacio\/"},"modified":"2021-02-23T19:46:21","modified_gmt":"2021-02-23T18:46:21","slug":"que-es-la-interpretacion","status":"publish","type":"page","link":"https:\/\/equipdinterprets.com\/es\/que-hacemos\/que-es-la-interpretacion\/","title":{"rendered":"\u00bfQu\u00e9 es la interpretaci\u00f3n?"},"content":{"rendered":"<p>[vc_row css=\u00bb.vc_custom_1612897462444{padding-top: 20px !important;}\u00bb][vc_column]<div id=\"ultimate-heading-782169d980078f3ef\" class=\"uvc-heading ult-adjust-bottom-margin ultimate-heading-782169d980078f3ef uvc-7628  uvc-heading-default-font-sizes\" data-hspacer=\"no_spacer\"  data-halign=\"center\" style=\"text-align:center\"><div class=\"uvc-heading-spacer no_spacer\" style=\"top\"><\/div><div class=\"uvc-main-heading ult-responsive\"  data-ultimate-target='.uvc-heading.ultimate-heading-782169d980078f3ef h3'  data-responsive-json-new='{\"font-size\":\"\",\"line-height\":\"\"}' ><h3 style=\"--font-weight:theme;\">\u00bfQu\u00e9 buscamos, al organizar una conferencia o un acto p\u00fablico?<\/h3><\/div><div class=\"uvc-sub-heading ult-responsive\"  data-ultimate-target='.uvc-heading.ultimate-heading-782169d980078f3ef .uvc-sub-heading '  data-responsive-json-new='{\"font-size\":\"\",\"line-height\":\"\"}'  style=\"font-weight:normal;\"><\/p>\n<p style=\"text-align: left;\">Si \u00fanicamente se pretende transmitir informaci\u00f3n, resulta m\u00e1s econ\u00f3mico y eficaz enviar un texto escrito por correo electr\u00f3nico, o publicar en una revista. Pero con un congreso o una rueda de prensa, se aspira a m\u00e1s: a <strong>comunicar<\/strong>.<\/p>\n<p style=\"text-align: left;\">Hablar cara a cara con los dem\u00e1s nos sirve para convencer, para vender una idea o un producto, para mantener el contacto (o crearlo), para seducir, para emocionar, para compartir una experiencia, ya sea presencial o en l\u00ednea.<\/p>\n<p style=\"text-align: left;\">Tras todo el esfuerzo que has dedicado a dise\u00f1ar y crear un evento que propicie la comunicaci\u00f3n, nosotros te ofrecemos no romper la magia de esta \u201ccomuni\u00f3n\u201d que el orador busca trabar con su p\u00fablico, borrando la barrera del idioma.<\/p>\n<p style=\"text-align: left;\">Trasladamos la informaci\u00f3n tal y como haya decidido el ponente: con seriedad, con sentido del humor, con gravedad o con ligereza de esp\u00edritu. Enfatizando lo que quiera destacar. Llegando a todos por igual, tanto si han escuchado el original en ingl\u00e9s, como si han recibido la traducci\u00f3n al castellano. Fieles a las palabras y, sobre todo, al esp\u00edritu.<\/p>\n<p><\/div><\/div>[\/vc_column][\/vc_row][vc_row equal_height=\u00bbyes\u00bb content_placement=\u00bbtop\u00bb css=\u00bb.vc_custom_1612897487973{padding-top: 30px !important;padding-bottom: 20px !important;}\u00bb][vc_column css=\u00bb.vc_custom_1579949867327{padding-bottom: 60px !important;}\u00bb offset=\u00bbvc_col-lg-4 vc_col-md-4 vc_col-xs-12&#8243;]<div id=\"ultimate-heading-48969d980078f533\" class=\"uvc-heading ult-adjust-bottom-margin ultimate-heading-48969d980078f533 uvc-2365 \" data-hspacer=\"no_spacer\"  data-halign=\"left\" style=\"text-align:left\"><div class=\"uvc-heading-spacer no_spacer\" style=\"top\"><\/div><div class=\"uvc-main-heading ult-responsive\"  data-ultimate-target='.uvc-heading.ultimate-heading-48969d980078f533 h4'  data-responsive-json-new='{\"font-size\":\"desktop:24px;\",\"line-height\":\"desktop:34px;\"}' ><h4 style=\"font-weight:bold;margin-bottom:15px;\">\u00bfQu\u00e9 aporta la interpretaci\u00f3n?<\/h4><\/div><\/div>[vc_column_text css=\u00bb.vc_custom_1613994804554{padding-bottom: 20px !important;}\u00bb]Que el ponente pueda expresarse c\u00f3modamente en su idioma, transmitiendo toda la riqueza de matices que dif\u00edcilmente podr\u00e1 comunicar en una lengua que no le sea propia.<\/p>\n<p>Que el p\u00fablico comprenda el mensaje, escuchando c\u00f3modamente en su lengua, sin perderse el m\u00e1s m\u00ednimo detalle.<\/p>\n<p>Mostrar respeto por el idioma y la cultura, tanto la del ponente como la del p\u00fablico.[\/vc_column_text][\/vc_column][vc_column css=\u00bb.vc_custom_1579949870416{padding-bottom: 60px !important;}\u00bb offset=\u00bbvc_col-lg-4 vc_col-md-4 vc_col-xs-12&#8243;]<div id=\"ultimate-heading-863669d980078f5ef\" class=\"uvc-heading ult-adjust-bottom-margin ultimate-heading-863669d980078f5ef uvc-3426 \" data-hspacer=\"no_spacer\"  data-halign=\"left\" style=\"text-align:left\"><div class=\"uvc-heading-spacer no_spacer\" style=\"top\"><\/div><div class=\"uvc-main-heading ult-responsive\"  data-ultimate-target='.uvc-heading.ultimate-heading-863669d980078f5ef h4'  data-responsive-json-new='{\"font-size\":\"desktop:24px;\",\"line-height\":\"desktop:34px;\"}' ><h4 style=\"font-weight:bold;margin-bottom:20px;\">\u00bfC\u00f3mo trabajamos los int\u00e9rpretes? <\/h4><\/div><\/div>[vc_column_text css=\u00bb.vc_custom_1613994842927{padding-bottom: 30px !important;}\u00bb]El proceso de interpretar consiste en escuchar un mensaje, procesarlo, y expresarlo en otro idioma distinto.<\/p>\n<p>En la simult\u00e1nea, los int\u00e9rpretes escuchamos el original a trav\u00e9s de nuestros auriculares. Y, a la vez (casi, con solo un peque\u00f1o decalaje de fracciones de segundo) lo expresamos en otro idioma. Este proceso exige una concentraci\u00f3n absoluta, que no puede mantenerse largo tiempo. Por eso trabajamos en parejas, haciendo turnos de 20-30 minutos. En el turno de descanso, ayudamos al compa\u00f1ero localizando terminolog\u00eda, buscando datos, anotando cifras, etc. La cabina nos permite aislarnos ac\u00fasticamente del p\u00fablico y no molestarle con nuestra voz mientras traducimos.<\/p>\n<p>En consecutiva, a\u00f1adimos la t\u00e9cnica de toma de notas.<\/p>\n<p>En remota, a todo ello hay que sumarle el elemento tecnol\u00f3gico: gesti\u00f3n de la plataforma de interpretaci\u00f3n simult\u00e1nea, comunicaci\u00f3n a distancia con el t\u00e9cnico y con el compa\u00f1ero, etc.[\/vc_column_text][\/vc_column][vc_column css=\u00bb.vc_custom_1579949874673{padding-bottom: 60px !important;}\u00bb offset=\u00bbvc_col-lg-4 vc_col-md-4 vc_col-xs-12&#8243;]<div id=\"ultimate-heading-127769d980078f6b4\" class=\"uvc-heading ult-adjust-bottom-margin ultimate-heading-127769d980078f6b4 uvc-7649 \" data-hspacer=\"no_spacer\"  data-halign=\"left\" style=\"text-align:left\"><div class=\"uvc-heading-spacer no_spacer\" style=\"top\"><\/div><div class=\"uvc-main-heading ult-responsive\"  data-ultimate-target='.uvc-heading.ultimate-heading-127769d980078f6b4 h4'  data-responsive-json-new='{\"font-size\":\"desktop:24px;\",\"line-height\":\"desktop:34px;\"}' ><h4 style=\"font-weight:bold;margin-bottom:20px;\">\u00bfQu\u00e9 os ofrecemos?<\/h4><\/div><\/div><style type=\"text\/css\" data-type=\"the7_shortcodes-inline-css\">.shortcode-single-image-wrap.shortcode-single-image-0468e2f74ac16b8a213e8f86e8487886.enable-bg-rollover .rollover i,\n.shortcode-single-image-wrap.shortcode-single-image-0468e2f74ac16b8a213e8f86e8487886.enable-bg-rollover .rollover-video i {\n  background: -webkit-linear-gradient();\n  background: linear-gradient();\n}\n.shortcode-single-image-wrap.shortcode-single-image-0468e2f74ac16b8a213e8f86e8487886 .rollover-icon {\n  font-size: 32px;\n  color: #ffffff;\n  min-width: 44px;\n  min-height: 44px;\n  line-height: 44px;\n  border-radius: 100px;\n  border-style: solid;\n  border-width: 0px;\n}\n.dt-icon-bg-on.shortcode-single-image-wrap.shortcode-single-image-0468e2f74ac16b8a213e8f86e8487886 .rollover-icon {\n  background: rgba(255,255,255,0.3);\n  box-shadow: none;\n}<\/style><div class=\"shortcode-single-image-wrap shortcode-single-image-0468e2f74ac16b8a213e8f86e8487886 alignnone  vc_custom_1613080114632 enable-bg-rollover dt-icon-bg-off\" ><div class=\"shortcode-single-image\"><div class=\"fancy-media-wrap  layzr-bg\" style=\"\"><img fetchpriority=\"high\" decoding=\"async\" class=\"preload-me lazy-load aspect\" src=\"data:image\/svg+xml,%3Csvg%20xmlns%3D&#39;http%3A%2F%2Fwww.w3.org%2F2000%2Fsvg&#39;%20viewBox%3D&#39;0%200%20750%20375&#39;%2F%3E\" data-src=\"https:\/\/equipdinterprets.com\/wp-content\/uploads\/2021\/02\/Translationequipment-750x375.jpg\" data-srcset=\"https:\/\/equipdinterprets.com\/wp-content\/uploads\/2021\/02\/Translationequipment-750x375.jpg 750w\" loading=\"eager\" sizes=\"(max-width: 750px) 100vw, 750px\" width=\"750\" height=\"375\"  data-dt-location=\"https:\/\/equipdinterprets.com\/es\/que-fem\/que-es-la-interpretacio\/translationequipment\/\" style=\"--ratio: 750 \/ 375;\" alt=\"\" \/><\/div><\/div><\/div>[vc_column_text css=\u00bb.vc_custom_1613994874827{padding-bottom: 25px !important;}\u00bb]Nuestros int\u00e9rpretes:<\/p>\n<ul>\n<li>son titulados y con experiencia<\/li>\n<li>se especializan en distintas tem\u00e1ticas<\/li>\n<li>estudian previamente la documentaci\u00f3n de cada evento<\/li>\n<li>confeccionan glosarios terminol\u00f3gicos<\/li>\n<li>aman su trabajo<\/li>\n<\/ul>\n<p>[\/vc_column_text][\/vc_column][\/vc_row]<\/p>\n","protected":false},"excerpt":{"rendered":"<p>[vc_row css=\u00bb.vc_custom_1612897462444{padding-top: 20px !important;}\u00bb][vc_column][\/vc_column][\/vc_row][vc_row equal_height=\u00bbyes\u00bb content_placement=\u00bbtop\u00bb css=\u00bb.vc_custom_1612897487973{padding-top: 30px !important;padding-bottom: 20px !important;}\u00bb][vc_column css=\u00bb.vc_custom_1579949867327{padding-bottom: 60px !important;}\u00bb offset=\u00bbvc_col-lg-4 vc_col-md-4 vc_col-xs-12&#8243;][vc_column_text css=\u00bb.vc_custom_1613994804554{padding-bottom: 20px !important;}\u00bb]Que el ponente pueda expresarse c\u00f3modamente en su idioma, transmitiendo toda la riqueza de matices que dif\u00edcilmente podr\u00e1 comunicar en una lengua que no le sea propia. Que el p\u00fablico comprenda el mensaje, escuchando c\u00f3modamente en&hellip;<\/p>\n","protected":false},"author":3,"featured_media":0,"parent":3669,"menu_order":-1,"comment_status":"closed","ping_status":"closed","template":"","meta":{"footnotes":""},"class_list":["post-3673","page","type-page","status-publish","hentry","description-off"],"_links":{"self":[{"href":"https:\/\/equipdinterprets.com\/es\/wp-json\/wp\/v2\/pages\/3673","targetHints":{"allow":["GET"]}}],"collection":[{"href":"https:\/\/equipdinterprets.com\/es\/wp-json\/wp\/v2\/pages"}],"about":[{"href":"https:\/\/equipdinterprets.com\/es\/wp-json\/wp\/v2\/types\/page"}],"author":[{"embeddable":true,"href":"https:\/\/equipdinterprets.com\/es\/wp-json\/wp\/v2\/users\/3"}],"replies":[{"embeddable":true,"href":"https:\/\/equipdinterprets.com\/es\/wp-json\/wp\/v2\/comments?post=3673"}],"version-history":[{"count":9,"href":"https:\/\/equipdinterprets.com\/es\/wp-json\/wp\/v2\/pages\/3673\/revisions"}],"predecessor-version":[{"id":4549,"href":"https:\/\/equipdinterprets.com\/es\/wp-json\/wp\/v2\/pages\/3673\/revisions\/4549"}],"up":[{"embeddable":true,"href":"https:\/\/equipdinterprets.com\/es\/wp-json\/wp\/v2\/pages\/3669"}],"wp:attachment":[{"href":"https:\/\/equipdinterprets.com\/es\/wp-json\/wp\/v2\/media?parent=3673"}],"curies":[{"name":"wp","href":"https:\/\/api.w.org\/{rel}","templated":true}]}}