{"id":3700,"date":"2020-05-25T09:33:05","date_gmt":"2020-05-25T07:33:05","guid":{"rendered":"https:\/\/equipdinterprets.com\/politica-de-privacitat\/"},"modified":"2025-02-25T13:13:27","modified_gmt":"2025-02-25T12:13:27","slug":"privacy-policy","status":"publish","type":"page","link":"https:\/\/equipdinterprets.com\/en\/privacy-policy\/","title":{"rendered":"Privacy and cookies policy"},"content":{"rendered":"<p>[vc_row][vc_column width=&#8221;5\/6&#8243; offset=&#8221;vc_col-sm-offset-1&#8243;][vc_column_text]<\/p>\n<h2>Privacy Policy \u200b<\/h2>\n<p>&nbsp;<\/p>\n<h2><strong>Basic Information on Data Protection<\/strong><\/h2>\n<p><strong>Controller: EQUIP D\u2019INT\u00c8RPRETS SLU<\/strong><\/p>\n<p><strong>Purposes of treatment:\u00a0<\/strong>Informative website. Management of queries through forms. Management of service promotions.<\/p>\n<p><strong>Lawfulness of treatment:\u00a0<\/strong>Express consent of the data subject. Execution of a contract or application of pre-contractual measures. Legitimate interest for data processing. Compliance with legal obligations.<\/p>\n<p><strong>Recipients:\u00a0<\/strong>Personal data collected will not be transferred to third parties. Without prejudice to those third parties who provide services to EQUIP D\u2019INT\u00c8RPRETS SLU for the purpose of managing the provision of services, the contractual and\/or pre-contractual relationship with the interested parties or processing requests made by them.<\/p>\n<p><strong>Rights of data subjects:\u00a0<\/strong>Access, rectification and erasure of the data, as well as other rights, as explained in the additional information.<\/p>\n<p><strong>Additional information:\u00a0<\/strong>You can check out the additional and detailed information on Data Protection in the attached clauses detailed below.<\/p>\n<p>&nbsp;<\/p>\n<h2><strong>Who is the controller for the processing of your personal data?<\/strong><\/h2>\n<p>The personal data that you have provided us with in this and other communications maintained with you will be included in the Registries of Processing Activities of EQUIP D\u2019INT\u00c8RPRETS SLU with postal address at PL. SOLER i CARBONELL 18 5\u00ba \u2013 VILANOVA I LA GELTR\u00da \u2013 08800 \u2013 BARCELONA Spain and e-mail address mgmt@equipdinterprets.com.<\/p>\n<p>Therefore, and for the purposes of the provisions of REGULATION (EU) 2016\/679 OF THE EUROPEAN PARLIAMENT AND OF THE COUNCIL of 27 April 2016 (hereinafter, \u201cGDPR\u201d) on the protection of individuals with regard to the processing of personal data and the free movement of such data, and of LAW 34\/2002, of July 11th, from Information Society Services and Electronic Commerce (from now on, \u201cLSSI\u201d), EQUIP D\u2019INT\u00c8RPRETS SLU informs the user that, as responsible for the processing, it will incorporate the personal data provided by the users to an automated file.<strong>\u00a0<\/strong><\/p>\n<p><strong>\u00a0<\/strong><\/p>\n<h2><strong>What personal data do we collect?<\/strong><\/h2>\n<p>The personal data that the user may provide:<\/p>\n<ul>\n<li>Name, address and date of birth.<\/li>\n<li>Telephone number and email address.<\/li>\n<li>Payments and deliveries information.<\/li>\n<li>IP address, date and time in which you access our services, browser used and data about your device operating system.<\/li>\n<li>Any other information or data you decide to share with us.<\/li>\n<\/ul>\n<p>Most of the personal information we process is provided to us directly by you. In some cases, it is obligatory to fill in a form to access certain services. Not providing the personal data requested or not accepting this data protection policy means sending a request or browsing this website will not be possible.<\/p>\n<p>&nbsp;<\/p>\n<h2><strong>Who is responsible for the accuracy and veracity of the data provided?<\/strong><\/h2>\n<p>EQUIP D\u2019INT\u00c8RPRETS SLU, is not liable for the accuracy of the data provided by their users. The user is responsible for guaranteeing, in any case, the accuracy and authenticity of the personal data provided. The user agrees to provide complete and correct information. EQUIP D\u2019INT\u00c8RPRETS SLU is exonerated from any liability in this respect, and therefore does not assume any responsibility with regard to hypothetical damages that may arise from the use of said information.<\/p>\n<p>EQUIP D\u2019INT\u00c8RPRETS SLU is only responsible for the veracity of information elaborated by themselves. EQUIP D\u2019INT\u00c8RPRETS SLU reserves the right to update, modify or eliminate the information contained in its web pages, and may even limit or deny access to said information. EQUIP D\u2019INT\u00c8RPRETS SLU is exonerated from any responsibility for any damage or harm that the user may suffer as a result of errors, defects or omissions in the information provided by EQUIP D\u2019INT\u00c8RPRETS SLU, provided that this comes from sources outside the company.<\/p>\n<p>&nbsp;<\/p>\n<h2><strong>What is the lawful basis for the processing of your data?<\/strong><\/h2>\n<p>These are the legal bases for processing your data:<\/p>\n<ul>\n<li>Express consent of the data subject. The user is informed of the possibility of withdrawing consent in the event that it has been granted for a specific purpose, without affecting the legality of the processing based on consent prior to withdrawal.<\/li>\n<li>Execution of a contract or application of pre-contractual measures.<\/li>\n<li>Legitimate interest for data processing.<\/li>\n<li>Compliance with legal obligations.<\/li>\n<\/ul>\n<p>&nbsp;<\/p>\n<h2><strong>What rights do you have and how can you exercise them?<\/strong><\/h2>\n<p>Under data protection laws, you have rights we need to make you aware of. You may address your communications and exercise your rights by written communication to the following email address: mgmt@equipdinterprets.com<\/p>\n<p>Under the provisions of data protection regulations, you can apply for:<\/p>\n<ul>\n<li><strong>Right of access<\/strong>: You can ask for information of those personal data that we have about you. You have the right to ask us for copies of your personal information.<\/li>\n<li><strong>Right to rectification<\/strong>: You have the right to ask us to rectify information you think is inaccurate. You also have the right to ask us to complete information you think is incomplete. You can communicate any change in your personal data.<\/li>\n<li><strong>Right to erasure<\/strong>: You can request the deletion after blocking personal data.<\/li>\n<li><strong>Right to restriction of processing<\/strong>: You have the right to ask us to restrict the processing of your information in certain circumstances.<\/li>\n<li><strong>Right to object to processing<\/strong>: You can withdraw your consent to the processing of your data, opposing<strong>\u00a0to\u00a0<\/strong>further processing.<\/li>\n<li><strong>Right to portability<\/strong>: In some cases, you can request a copy of the personal data in a structured format, commonly used and machine-readable for transmission to another data controller<\/li>\n<li><strong>The right not to be the subject of individualised decisions<\/strong>: You may request that decisions based solely on automated processing, including profiling, which produces legal effects or significantly affects the data subject not be taken.<\/li>\n<\/ul>\n<p>In some cases, the request may be refused if you request that data necessary for the fulfilment of legal obligations be deleted. Also, if you have a complaint about the processing of data, you can submit a complaint to the data protection authority.<\/p>\n<p>&nbsp;<\/p>\n<h2><strong>Why do we process your data?<\/strong><\/h2>\n<p>Depending on the purposes, we will need to process different types of data, which in general will be the following, according to each specific case:<\/p>\n<ul>\n<li>Manage orders or hire any of our services, either online or in physical venues.<\/li>\n<li>Manage the sending of the information requested.<\/li>\n<li>Develop commercial actions and carry out the maintenance and management of the relationship with the user, as well as the management of the services offered through the website and the information tasks, being able to carry out automatic evaluations, obtaining profiles and customer segmentation tasks in order to personalize the treatment according to their characteristics and needs and improve the customer\u2019s online experience.<\/li>\n<li>Develop and manage contests, raffles or other promotional activities that may be organized.<\/li>\n<li>In some cases, it will be necessary to provide information to Authorities or third companies for auditing purposes, as well as to handle personal data of invoices, contracts and documents to respond to customer or Public Administration complaints.<\/li>\n<\/ul>\n<p>&nbsp;<\/p>\n<h2><strong>How long do we keep your personal data for?<\/strong><\/h2>\n<p>The processing of the data for the purposes described will be maintained for the time necessary to meet the purpose of their collection, as well as to comply with legal obligations arising from the processing of data. Without prejudice to the fact that conservation is necessary for the formulation, exercise or defence of potential claims and\/or whenever permitted by applicable legislation.<\/p>\n<p>EQUIP D\u2019INT\u00c8RPRETS SLU undertakes to cease the processing of personal data at the end of the storage period and to block them in our databases.<\/p>\n<p>&nbsp;<\/p>\n<h2><strong>To which recipients is your data communicated?<\/strong><\/h2>\n<p>In general, EQUIP D\u2019INT\u00c8RPRETS SLU\u00a0 will not transfer personal data to third parties, except in those situations where such data may be transferred to other collaborators who provide services to EQUIP D\u2019INT\u00c8RPRETS SLU, for the purpose of managing the provision of these services. Likewise, any transfer will be informed to the data subject through the consent clauses established by data protection regulations.<\/p>\n<p>EQUIP D\u2019INT\u00c8RPRETS SLU ensures the security of personal data when it is sent outside the company and ensures that third party service providers respect confidentiality and have appropriate measures in place to protect personal data. Such third parties have an obligation to ensure that the information is treated in accordance with data privacy regulations. In some cases, the law may require that personal data be disclosed to public bodies or other parties, only as strictly necessary for the fulfilment of such legal obligations.<\/p>\n<p>&nbsp;<\/p>\n<h2><strong>Updates to this Notice<\/strong><\/h2>\n<p>EQUIP D\u2019INT\u00c8RPRETS SLU keep its privacy notice under regular review to make sure it is up to date and accurate. We recommend that you review the privacy policy from time to time.<\/p>\n<p>&nbsp;<\/p>\n<p>[\/vc_column_text][vc_separator][vc_column_text]<\/p>\n<h2><\/h2>\n<h2><\/h2>\n<h2>Cookies Policy \u200b<\/h2>\n<p>&nbsp;<\/p>\n<p>The purpose of this cookie policy is to clearly inform you about the cookies used on the website of EQUIP INTERPRETS SLU.<\/p>\n<p>&nbsp;<\/p>\n<p><strong>What are cookies?<\/strong><\/p>\n<p>&nbsp;<\/p>\n<p>A cookie is a small file that websites send to your browser and download to your computer. Cookies allow the website to store and retrieve information about your visit, such as your preferred language and other options, to improve the services offered and to contribute to a better surfing experience for the user.<\/p>\n<p>&nbsp;<\/p>\n<p><strong>Authorization to use cookies<\/strong><\/p>\n<p>&nbsp;<\/p>\n<p>In accordance with the reference to cookies that appears on the site, the user accepts that by visiting the site he\/she expressly consents to the use of cookies as described below, regardless of the fact that the user may change the configuration of his browser to refuse the use of cookies.<\/p>\n<p>&nbsp;<\/p>\n<p><strong>Types of cookies<\/strong><\/p>\n<p>&nbsp;<\/p>\n<p>Depending on who administers the domain from which the cookies are sent and the data processed, a distinction is made between their own and external cookies.<\/p>\n<p>&nbsp;<\/p>\n<p>Cookies can also be classified according to the duration of their storage in the user&#8217;s browser, where by a distinction is made between session cookies and persistent cookies.<\/p>\n<p>&nbsp;<\/p>\n<p>Finally, depending on the purpose for which the information collected is processed, cookies can be divided into the following categories:<\/p>\n<p>&nbsp;<\/p>\n<ul>\n<li>Technical cookies: allow the user to navigate through a website and use some of the services it offers (such as those used to remember the elements of a shopping cart).<\/li>\n<li>Personalization cookies: Allow the user to access the website with certain characteristics, such as language.<\/li>\n<li>Security cookies: are used to prevent attacks on the website.<\/li>\n<li>Complementary cookies for exchanging social content: so-called plug-ins that enable the sharing of content in social networks.<\/li>\n<li>Analysis Cookies: Allow the responsible person to track the behavior of the user.<\/li>\n<li>Advertising cookies: Allow you to manage the advertising space on the site.<\/li>\n<li>Behavioral advertising cookies: Like the previous ones, they are used to manage the advertising space on the site according to the information collected about the user&#8217;s behavior and habits, and to tailor advertising to the user&#8217;s profile.<\/li>\n<li>Geolocalization cookies: are used to find out the country where the user is located.<\/li>\n<\/ul>\n<p>&nbsp;<\/p>\n<p>&nbsp;<\/p>\n<p><strong>\u00a0<\/strong><\/p>\n<p><strong>\u00a0<\/strong><\/p>\n<p><strong>\u00a0<\/strong><\/p>\n<p><strong>\u00a0<\/strong><\/p>\n<p><strong>\u00a0<\/strong><\/p>\n<p><strong>\u00a0<\/strong><\/p>\n<p><strong>\u00a0<\/strong><\/p>\n<p><strong>\u00a0<\/strong><\/p>\n<p><strong>\u00a0<\/strong><\/p>\n<p><strong>\u00a0<\/strong><\/p>\n<p><strong>\u00a0<\/strong><\/p>\n<p><strong>\u00a0<\/strong><\/p>\n<p><strong>\u00a0<\/strong><\/p>\n<p><strong>\u00a0<\/strong><\/p>\n<p><strong>To change cookie settings<\/strong><\/p>\n<p>&nbsp;<\/p>\n<p>You can restrict, block or delete cookies from EQUIP INTERPRETS SLU or any other website via your browser. Each browser has its own operation, you will find the procedure in the help menu of your browser, where you specify the procedure for the removal. For further information:<\/p>\n<p>&nbsp;<\/p>\n<ul>\n<li>Google Chrome:<\/li>\n<\/ul>\n<p>&nbsp;<\/p>\n<p>&nbsp;<\/p>\n<p><a href=\"https:\/\/support.google.com\/chrome\/answer\/95647?co=GENIE.Platform%253DDesktop&amp;hl=en\">https:\/\/support.google.com\/chrome\/answer\/95647?co=GENIE.Platform%3DDesktop&amp;hl=en<\/a><\/p>\n<p>&nbsp;<\/p>\n<ul>\n<li>Mozilla Firefox:<\/li>\n<\/ul>\n<p>&nbsp;<\/p>\n<p>&nbsp;<\/p>\n<p><a href=\"https:\/\/support.mozilla.org\/en-US\/kb\/enable-and-disable-cookies-website-preferences\">https:\/\/support.mozilla.org\/en-US\/kb\/enable-and-disable-cookies-website-preferences<\/a><\/p>\n<p>&nbsp;<\/p>\n<ul>\n<li>Safari:<\/li>\n<\/ul>\n<p>&nbsp;<\/p>\n<p>&nbsp;<\/p>\n<p><a href=\"https:\/\/support.apple.com\/en-gb\/guide\/safari\/sfri11471\/mac\">https:\/\/support.apple.com\/en-gb\/guide\/safari\/sfri11471\/mac<\/a><\/p>\n<p>&nbsp;<\/p>\n<ul>\n<li>Internet Explorer:<\/li>\n<\/ul>\n<p>&nbsp;<\/p>\n<p><a href=\"https:\/\/support.microsoft.com\/en-gb\/help\/278835\/how-to-delete-cookie-files-in-internet-explorer\">https:\/\/support.microsoft.com\/en-gb\/help\/278835\/how-to-delete-cookie-files-in-internet-explorer<\/a><\/p>\n<p>&nbsp;<\/p>\n<p>It is possible that disabling cookies may not work properly or may not allow you to access certain features of the Site.<\/p>\n<p>&nbsp;<\/p>\n<p><strong>Cookies used on the Web<\/strong><\/p>\n<p><strong>\u00a0<\/strong><\/p>\n<p>The web portal uses different types of cookies for different purposes, which are listed below:<\/p>\n<p>&nbsp;<\/p>\n<p>1.<\/p>\n<p>&nbsp;<\/p>\n<p>&nbsp;<\/p>\n<p>Type of cookie: [Insert type]<\/p>\n<p>&nbsp;<\/p>\n<p>Purpose: [Insert Purpose]<\/p>\n<p>&nbsp;<\/p>\n<p>Management: [Insert Purpose]<\/p>\n<p>&nbsp;<\/p>\n<p>2.<\/p>\n<p>&nbsp;<\/p>\n<p>[Add all you use]<\/p>\n<p>&nbsp;<\/p>\n<p><strong>Modification of conditions<\/strong><\/p>\n<p>&nbsp;<\/p>\n<p>EQUIP INTERPRETS SLU\u00a0 expressly reserves the right to change this cookie policy unilaterally, in whole or in part, without prior notice. You acknowledge and agree that it is your responsibility to review this Cookie Policy.<\/p>\n<p>&nbsp;<\/p>\n<p>&nbsp;<\/p>\n<p>[\/vc_column_text][vc_empty_space][vc_separator][vc_column_text]<\/p>\n<h2><strong>Acceso a la web<\/strong><\/h2>\n<p>&nbsp;<\/p>\n<p>El acceso a la p\u00e1gina web por parte de los usuarios es de car\u00e1cter libre y gratuito. Algunos servicios pueden encontrarse sujetos a contrataci\u00f3n previa.<\/p>\n<p>&nbsp;<\/p>\n<p>En caso de ser necesario que el usuario aporte datos personales para acceder a alguno de los servicios, la recogida y el tratamiento de los datos se realizar\u00e1 de conformidad con la normativa vigente, en concreto con el RGPD. Para m\u00e1s informaci\u00f3n, consulte nuestra pol\u00edtica de privacidad de la web www.equipdinterprets.com<\/p>\n<p>&nbsp;<\/p>\n<p><strong>Contenido y uso<\/strong><\/p>\n<p>&nbsp;<\/p>\n<p>La visita al sitio web por parte del usuario deber\u00e1 hacerse de forma responsable y de conformidad con la legalidad vigente, con la buena fe y con el presente Aviso Legal, y respetando los derechos de propiedad intelectual e industrial titularidad de EQUIP D\u2019INT\u00c8RPRETS SLU\u00a0 o cualquier otra persona f\u00edsica o jur\u00eddica.<\/p>\n<p>&nbsp;<\/p>\n<p>El uso de cualquiera de los contenidos del sitio web con finalidades que sean o pudieran ser il\u00edcitas queda totalmente prohibido, igual que cualquier acci\u00f3n que cause o pueda causar da\u00f1os o alteraciones de cualquier tipo al sitio web o a sus contenidos (salvo que cuenten con el consentimiento expl\u00edcito de EQUIP D\u2019INT\u00c8RPRETS SLU).<\/p>\n<p>&nbsp;<\/p>\n<p>El titular del web no se identifica con las opiniones vertidas en el mismo por sus colaboradores. La empresa se reserva el derecho de efectuar sin previo aviso las modificaciones que considere oportunas en su web, pudiendo cambiar, suprimir o a\u00f1adir tanto los contenidos y servicios que se presten a trav\u00e9s de la misma como la forma en la que estos aparezcan presentados o localizados en sus servidores.<\/p>\n<p>&nbsp;<\/p>\n<p><strong>Propiedad intelectual e industrial<\/strong><\/p>\n<p>&nbsp;<\/p>\n<p>Los derechos de propiedad intelectual del contenido de las p\u00e1ginas web, su dise\u00f1o gr\u00e1fico y c\u00f3digos son titularidad de EQUIP D\u2019INT\u00c8RPRETS SLU. Queda prohibida su reproducci\u00f3n, distribuci\u00f3n, comunicaci\u00f3n p\u00fablica, transformaci\u00f3n o cualquier otra actividad que se realice con los contenidos de la p\u00e1gina web, ni siquiera aunque se citen las fuentes, salvo que se cuente con el consentimiento previo, expreso y por escrito de EQUIP D\u2019INT\u00c8RPRETS SLU. Todos los nombres comerciales, marcas o signos de cualquier clase contenidos en las p\u00e1ginas web de la empresa son propiedad de sus due\u00f1os y est\u00e1n protegidos por ley.<\/p>\n<p>&nbsp;<\/p>\n<p>EQUIP D\u2019INT\u00c8RPRETS SLU no concede ninguna licencia o autorizaci\u00f3n de uso de ninguna clase sobre sus derechos de propiedad intelectual e industrial, ni sobre cualquier otra propiedad o derecho relacionado con el sitio web. En ning\u00fan caso se entender\u00e1 que el acceso y navegaci\u00f3n de los usuarios implica una renuncia, transmisi\u00f3n, licencia o cesi\u00f3n total ni parcial de dichos derechos por parte de EQUIP D\u2019INT\u00c8RPRETS SLU.<\/p>\n<p>&nbsp;<\/p>\n<p>Cualquier uso de esos contenidos no autorizado previamente por EQUIP D\u2019INT\u00c8RPRETS SLU ser\u00e1 considerado un incumplimiento grave de los derechos de propiedad intelectual o industrial, y dar\u00e1 lugar a las responsabilidades legalmente establecidas. EQUIP D\u2019INT\u00c8RPRETS SLU\u00a0 se reserva el derecho de ejercitar frente al usuario las acciones judiciales y extrajudiciales que correspondan.<\/p>\n<p>&nbsp;<\/p>\n<p><strong>Responsabilidad y garant\u00edas<\/strong><\/p>\n<p>&nbsp;<\/p>\n<p>EQUIP D\u2019INT\u00c8RPRETS SLU declara que ha adoptado las medidas necesarias que, dentro de sus posibilidades y el estado de la tecnolog\u00eda, permitan el correcto funcionamiento de su sitio web as\u00ed como la ausencia de virus y componentes da\u00f1inos. Sin embargo, EQUIP D\u2019INT\u00c8RPRETS SLU no puede hacerse responsable de las siguientes situaciones que se enumeran a t\u00edtulo enunciativo, pero no limitativo:<\/p>\n<p>&nbsp;<\/p>\n<ul>\n<li>La continuidad y disponibilidad de los contenidos de la web.<\/li>\n<li>La ausencia de errores en dichos contenidos ni la correcci\u00f3n de cualquier defecto que pudiera ocurrir.<\/li>\n<li>La ausencia de virus y\/o dem\u00e1s componentes da\u00f1inos.<\/li>\n<li>Los da\u00f1os o perjuicios que cause cualquier persona que vulnere los sistemas de seguridad de EQUIP D\u2019INT\u00c8RPRETS SLU.<\/li>\n<li>El uso que los usuarios puedan hacer de los contenidos incluidos en la web. En consecuencia, EQUIP D\u2019INT\u00c8RPRETS SLU no garantiza que el uso que cualquier usuario pueda hacer de los contenidos que se incluyan en la p\u00e1gina web se ajuste al presente aviso legal, ni que el uso de la p\u00e1gina web se realice de forma diligente.<\/li>\n<li>El uso por menores de edad de la p\u00e1gina web o del env\u00edo de sus datos personales sin el permiso de sus tutores, siendo los tutores responsables del uso que hagan de internet.<\/li>\n<li>Los contenidos a los que el usuario pueda acceder a trav\u00e9s de enlaces no autorizados o introducidos por usuarios mediante comentarios o herramientas similares.<\/li>\n<li>La introducci\u00f3n de datos err\u00f3neos por parte del usuario o de un tercero.<\/li>\n<\/ul>\n<p>&nbsp;<\/p>\n<p>EQUIP D\u2019INT\u00c8RPRETS SLU podr\u00e1 suspender temporalmente y sin previo aviso el acceso al sitio web con motivo de operaciones de mantenimiento, reparaci\u00f3n, actualizaci\u00f3n o mejora. No obstante, siempre que las circunstancias lo permitan, EQUIP D\u2019INT\u00c8RPRETS SLU comunicar\u00e1 al usuario, con antelaci\u00f3n suficiente, la fecha prevista para la suspensi\u00f3n de los contenidos.<\/p>\n<p>&nbsp;<\/p>\n<p>Asimismo, de conformidad con los art. 11 y 16 de la Ley 34\/2002, de 11 de julio, de Servicios de la Sociedad de la Informaci\u00f3n y de Comercio Electr\u00f3nico (LSSICE), EQUIP D\u2019INT\u00c8RPRETS SLU se compromete a la eliminaci\u00f3n o, en su caso, bloqueo de los contenidos que pudieran afectar o ser contrarios a la legislaci\u00f3n vigente, a los derechos de terceros, o a la moral y orden p\u00fablico.<\/p>\n<p>&nbsp;<\/p>\n<p><strong>Cookies<\/strong><\/p>\n<p>&nbsp;<\/p>\n<p>EQUIP D\u2019INT\u00c8RPRETS SLU utiliza cookies para optimizar y personalizar su navegaci\u00f3n por el sitio web. Las cookies son ficheros f\u00edsicos de informaci\u00f3n que se alojan en el propio terminal del usuario. La informaci\u00f3n recogida mediante las cookies sirve para facilitar la navegaci\u00f3n del usuario por el portal y optimizar la experiencia de navegaci\u00f3n. Los datos recopilados mediante las cookies pueden ser compartidos con los creadores de las mismas, pero en ning\u00fan caso la informaci\u00f3n obtenida por las mismas ser\u00e1 asociada a datos personales ni a datos que puedan identificar al usuario.<\/p>\n<p>&nbsp;<\/p>\n<p>Sin embargo, si el usuario no desea que se instalen cookies en su disco duro, tiene la posibilidad de configurar el navegador de modo que impida la instalaci\u00f3n de estos archivos. Para obtener m\u00e1s informaci\u00f3n, consulte nuestra Pol\u00edtica de Cookies<\/p>\n<p>&nbsp;<\/p>\n<p><strong>Enlaces (<em>links<\/em>)<\/strong><\/p>\n<p>&nbsp;<\/p>\n<p>La presencia de enlaces (<em>links<\/em>) en la p\u00e1gina web de EQUIP D\u2019INT\u00c8RPRETS SLU hacia otros sitios de internet tiene finalidad meramente informativa y en ning\u00fan caso suponen sugerencia, invitaci\u00f3n o recomendaci\u00f3n sobre los mismos. EQUIP D\u2019INT\u00c8RPRETS SLU no asumir\u00e1 responsabilidad alguna por los contenidos de un enlace a un sitio web ajeno, ni garantizar\u00e1 su fiabilidad, exactitud, amplitud, veracidad, validez o disponibilidad t\u00e9cnica.<\/p>\n<p>&nbsp;<\/p>\n<p>En el caso de que en otros sitios web se establezcan enlaces a la p\u00e1gina web de EQUIP D\u2019INT\u00c8RPRETS SLU, no se entender\u00e1 que EQUIP D\u2019INT\u00c8RPRETS SLU haya autorizado dichos enlaces ni el contenido del sitio web donde figuren. No podr\u00e1n incluirse en la p\u00e1gina del enlace contenidos inapropiados, difamatorios, obscenos, ni contrarios a la legalidad vigente.<\/p>\n<p>&nbsp;<\/p>\n<p>EQUIP D\u2019INT\u00c8RPRETS SLU se reserva la posibilidad de contactar con el propietario del sitio web en el que se ofrezca el enlace si considera que incumple la normativa, as\u00ed como de ejercitar las correspondientes acciones judiciales y extrajudiciales.<\/p>\n<p>&nbsp;<\/p>\n<p><strong>Modificaci\u00f3n de las condiciones<\/strong><\/p>\n<p>&nbsp;<\/p>\n<p>EQUIP D\u2019INT\u00c8RPRETS SLU se reserva expresamente el derecho a modificar el presente Aviso Legal unilateralmente, de forma total o parcial y sin necesidad de previo aviso. El usuario reconoce y acepta que es su responsabilidad revisar peri\u00f3dicamente el presente Aviso Legal.[\/vc_column_text][\/vc_column][\/vc_row]<\/p>\n","protected":false},"excerpt":{"rendered":"<p>[vc_row][vc_column width=&#8221;5\/6&#8243; offset=&#8221;vc_col-sm-offset-1&#8243;][vc_column_text] Privacy Policy \u200b &nbsp; Basic Information on Data Protection Controller: EQUIP D\u2019INT\u00c8RPRETS SLU Purposes of treatment:\u00a0Informative website. Management of queries through forms. Management of service promotions. Lawfulness of treatment:\u00a0Express consent of the data subject. Execution of a contract or application of pre-contractual measures. Legitimate interest for data processing. Compliance with legal obligations.&hellip;<\/p>\n","protected":false},"author":3,"featured_media":0,"parent":0,"menu_order":10,"comment_status":"closed","ping_status":"closed","template":"","meta":{"footnotes":""},"class_list":["post-3700","page","type-page","status-publish","hentry","description-off"],"_links":{"self":[{"href":"https:\/\/equipdinterprets.com\/en\/wp-json\/wp\/v2\/pages\/3700","targetHints":{"allow":["GET"]}}],"collection":[{"href":"https:\/\/equipdinterprets.com\/en\/wp-json\/wp\/v2\/pages"}],"about":[{"href":"https:\/\/equipdinterprets.com\/en\/wp-json\/wp\/v2\/types\/page"}],"author":[{"embeddable":true,"href":"https:\/\/equipdinterprets.com\/en\/wp-json\/wp\/v2\/users\/3"}],"replies":[{"embeddable":true,"href":"https:\/\/equipdinterprets.com\/en\/wp-json\/wp\/v2\/comments?post=3700"}],"version-history":[{"count":18,"href":"https:\/\/equipdinterprets.com\/en\/wp-json\/wp\/v2\/pages\/3700\/revisions"}],"predecessor-version":[{"id":4924,"href":"https:\/\/equipdinterprets.com\/en\/wp-json\/wp\/v2\/pages\/3700\/revisions\/4924"}],"wp:attachment":[{"href":"https:\/\/equipdinterprets.com\/en\/wp-json\/wp\/v2\/media?parent=3700"}],"curies":[{"name":"wp","href":"https:\/\/api.w.org\/{rel}","templated":true}]}}